{"id":190,"date":"2024-04-27T23:31:40","date_gmt":"2024-04-27T21:31:40","guid":{"rendered":"http:\/\/maddam.art\/?page_id=190"},"modified":"2024-04-29T19:25:15","modified_gmt":"2024-04-29T17:25:15","slug":"cgv","status":"publish","type":"page","link":"https:\/\/maddam.art\/en\/cgv\/","title":{"rendered":"Conditions G\u00e9n\u00e9rales de Vente"},"content":{"rendered":"[et_pb_section fb_built=\u00a0\u00bb1&Prime; _builder_version=\u00a0\u00bb4.24.2&Prime; _module_preset=\u00a0\u00bbdefault\u00a0\u00bb custom_padding=\u00a0\u00bb80px|||||\u00a0\u00bb global_colors_info=\u00a0\u00bb{}\u00a0\u00bb theme_builder_area=\u00a0\u00bbpost_content\u00a0\u00bb][et_pb_row _builder_version=\u00a0\u00bb4.24.2&Prime; _module_preset=\u00a0\u00bbdefault\u00a0\u00bb global_colors_info=\u00a0\u00bb{}\u00a0\u00bb theme_builder_area=\u00a0\u00bbpost_content\u00a0\u00bb][et_pb_column type=\u00a0\u00bb4_4&Prime; _builder_version=\u00a0\u00bb4.24.2&Prime; _module_preset=\u00a0\u00bbdefault\u00a0\u00bb global_colors_info=\u00a0\u00bb{}\u00a0\u00bb theme_builder_area=\u00a0\u00bbpost_content\u00a0\u00bb][et_pb_text _builder_version=\u00a0\u00bb4.24.2&Prime; _module_preset=\u00a0\u00bbdefault\u00a0\u00bb hover_enabled=\u00a0\u00bb0&Prime; global_colors_info=\u00a0\u00bb{}\u00a0\u00bb theme_builder_area=\u00a0\u00bbpost_content\u00a0\u00bb sticky_enabled=\u00a0\u00bb0&Prime;]<h1>Conditions g\u00e9n\u00e9rales de vente<\/h1>[\/et_pb_text][\/et_pb_column][\/et_pb_row][et_pb_row _builder_version=\u00a0\u00bb4.24.2&Prime; _module_preset=\u00a0\u00bbdefault\u00a0\u00bb global_colors_info=\u00a0\u00bb{}\u00a0\u00bb theme_builder_area=\u00a0\u00bbpost_content\u00a0\u00bb][et_pb_column type=\u00a0\u00bb4_4&Prime; _builder_version=\u00a0\u00bb4.24.2&Prime; _module_preset=\u00a0\u00bbdefault\u00a0\u00bb global_colors_info=\u00a0\u00bb{}\u00a0\u00bb theme_builder_area=\u00a0\u00bbpost_content\u00a0\u00bb][et_pb_text _builder_version=\u00a0\u00bb4.24.2&Prime; _module_preset=\u00a0\u00bbdefault\u00a0\u00bb theme_builder_area=\u00a0\u00bbpost_content\u00a0\u00bb hover_enabled=\u00a0\u00bb0&Prime; sticky_enabled=\u00a0\u00bb0&Prime;]<div id=\"bgLayers_comp-l4pcvut51\" data-hook=\"bgLayers\" data-motion-part=\"BG_LAYER\" class=\"MW5IWV\">\n<div id=\"bgMedia_comp-l4pcvut51\" data-motion-part=\"BG_MEDIA\" class=\"VgO9Yg\"><\/div>\n<\/div>\n<div data-mesh-id=\"comp-l4pcvut51inlineContent\" data-testid=\"inline-content\" class=\"\">\n<div data-mesh-id=\"comp-l4pcvut51inlineContent-gridContainer\" data-testid=\"mesh-container-content\">\n<div id=\"comp-l4pcym5t\" class=\"HcOXKn c9GqVL QxJLC3 comp-l4pcym5t wixui-rich-text\" data-testid=\"richTextElement\">\n<h2 class=\"font_2 wixui-rich-text__text\"><span class=\"wixui-rich-text__text\">1. Objet<\/span><\/h2>\n<\/div>\n<div id=\"comp-l4pcw4k4\" class=\"HcOXKn c9GqVL QxJLC3 comp-l4pcw4k4 wixui-rich-text\" data-testid=\"richTextElement\">\n<p class=\"font_8 wixui-rich-text__text\">Les pr\u00e9sentes conditions g\u00e9n\u00e9rales de vente r\u00e9gissent les relations contractuelles entre Ouestled, ci-apr\u00e8s d\u00e9nomm\u00e9 le \u00ab\u00a0Vendeur\u00a0\u00bb, et le client, ci-apr\u00e8s d\u00e9nomm\u00e9 l'\u00a0\u00bbAcheteur\u00a0\u00bb, pour l&rsquo;achat d&rsquo;objets artistiques et de d\u00e9coration.<\/p>\n<p class=\"font_8 wixui-rich-text__text\">\n<\/div>\n<div id=\"comp-l4pd0rwv\" class=\"HcOXKn c9GqVL QxJLC3 comp-l4pd0rwv wixui-rich-text\" data-testid=\"richTextElement\">\n<h2 class=\"font_2 wixui-rich-text__text\"><span class=\"wixui-rich-text__text\">2. Commande<\/span><\/h2>\n<\/div>\n<div id=\"comp-l4pd0rwg\" class=\"HcOXKn c9GqVL QxJLC3 comp-l4pd0rwg wixui-rich-text\" data-testid=\"richTextElement\">\n<p class=\"font_8 wixui-rich-text__text\">2.1. Les commandes peuvent \u00eatre pass\u00e9es en ligne sur notre site internet.<\/p>\n<p class=\"font_8 wixui-rich-text__text\">2.2. L&rsquo;Acheteur est responsable de fournir des informations pr\u00e9cises lors de la commande, notamment son nom, son adresse de livraison, son adresse e-mail et son num\u00e9ro de t\u00e9l\u00e9phone.<\/p>\n<p class=\"font_8 wixui-rich-text__text\">\n<\/div>\n<div id=\"comp-l4pd1d8m\" class=\"HcOXKn c9GqVL QxJLC3 comp-l4pd1d8m wixui-rich-text\" data-testid=\"richTextElement\">\n<h2 class=\"font_2 wixui-rich-text__text\"><span class=\"wixui-rich-text__text\">3. Prix<\/span><\/h2>\n<\/div>\n<div id=\"comp-l4pd1d86\" class=\"HcOXKn c9GqVL QxJLC3 comp-l4pd1d86 wixui-rich-text\" data-testid=\"richTextElement\">\n<p class=\"font_8 wixui-rich-text__text\">3.1. Les prix des objets sont indiqu\u00e9s en euros (\u20ac) et sont soumis \u00e0 la taxe sur la valeur ajout\u00e9e (TVA) applicable.<\/p>\n<p class=\"font_8 wixui-rich-text__text\">3.2. Le Vendeur se r\u00e9serve le droit de modifier les prix \u00e0 tout moment, mais les prix en vigueur au moment de la commande seront appliqu\u00e9s.<\/p>\n<p class=\"font_8 wixui-rich-text__text\">\n<\/div>\n<div id=\"comp-lnbez77n\" class=\"HcOXKn c9GqVL QxJLC3 comp-lnbez77n wixui-rich-text\" data-testid=\"richTextElement\">\n<h2 class=\"font_2 wixui-rich-text__text\"><span class=\"wixui-rich-text__text\">4. Paiement<\/span><\/h2>\n<\/div>\n<div id=\"comp-lnbez77x\" class=\"HcOXKn c9GqVL QxJLC3 comp-lnbez77x wixui-rich-text\" data-testid=\"richTextElement\">\n<p class=\"font_8 wixui-rich-text__text\">4.1. Les paiements peuvent \u00eatre effectu\u00e9s par carte de cr\u00e9dit et tout autre moyen de paiement accept\u00e9 par le Vendeur.<\/p>\n<p class=\"font_8 wixui-rich-text__text\">4.2. L&rsquo;Acheteur doit effectuer le paiement dans les d\u00e9lais sp\u00e9cifi\u00e9s lors de la commande.<\/p>\n<p class=\"font_8 wixui-rich-text__text\">\n<\/div>\n<div id=\"comp-lnbf0fu8\" class=\"comp-lnbf0fu8 SPY_vo\">\n<div data-mesh-id=\"comp-lnbf0fu8inlineContent\" data-testid=\"inline-content\" class=\"\">\n<div data-mesh-id=\"comp-lnbf0fu8inlineContent-gridContainer\" data-testid=\"mesh-container-content\">\n<div id=\"comp-lnbf06gk\" class=\"HcOXKn c9GqVL QxJLC3 comp-lnbf06gk wixui-rich-text\" data-testid=\"richTextElement\">\n<h2 class=\"font_2 wixui-rich-text__text\"><span class=\"wixui-rich-text__text\">5. Livraison<\/span><\/h2>\n<\/div>\n<div id=\"comp-lnbf06hb\" class=\"HcOXKn c9GqVL QxJLC3 comp-lnbf06hb wixui-rich-text\" data-testid=\"richTextElement\">\n<p class=\"font_8 wixui-rich-text__text\">5.1. Les d\u00e9lais de livraison sont donn\u00e9s \u00e0 titre indicatif. Le Vendeur fera de son mieux pour respecter ces d\u00e9lais, mais ne peut \u00eatre tenu responsable des retards ind\u00e9pendants de sa volont\u00e9.<\/p>\n<p class=\"font_8 wixui-rich-text__text\">5.2. Les frais de livraison sont \u00e0 la charge de l&rsquo;Acheteur et sont indiqu\u00e9s lors de la commande.<\/p>\n<p class=\"font_8 wixui-rich-text__text\">5.3. L&rsquo;Acheteur est responsable de v\u00e9rifier l&rsquo;\u00e9tat des produits \u00e0 la livraison et de signaler tout dommage au transporteur et au Vendeur dans les 72 heures suivant la r\u00e9ception.<\/p>\n<p class=\"font_8 wixui-rich-text__text\">\n<\/div>\n<\/div>\n<\/div>\n<\/div>\n<div id=\"comp-lnbf1hku\" class=\"comp-lnbf1hku SPY_vo\">\n<div data-mesh-id=\"comp-lnbf1hkuinlineContent\" data-testid=\"inline-content\" class=\"\">\n<div data-mesh-id=\"comp-lnbf1hkuinlineContent-gridContainer\" data-testid=\"mesh-container-content\">\n<div id=\"comp-lnbf1hlz\" class=\"HcOXKn c9GqVL QxJLC3 comp-lnbf1hlz wixui-rich-text\" data-testid=\"richTextElement\">\n<h2 class=\"font_2 wixui-rich-text__text\"><span class=\"wixui-rich-text__text\">6. Droit de R\u00e9tractation<\/span><\/h2>\n<\/div>\n<div id=\"comp-lnbf1hm2\" class=\"HcOXKn c9GqVL QxJLC3 comp-lnbf1hm2 wixui-rich-text\" data-testid=\"richTextElement\">\n<p class=\"font_8 wixui-rich-text__text\">6.1. Conform\u00e9ment \u00e0 la l\u00e9gislation en vigueur, l&rsquo;Acheteur dispose d&rsquo;un d\u00e9lai de 14 jours \u00e0 compter de la r\u00e9ception des produits pour exercer son droit de r\u00e9tractation sans avoir \u00e0 fournir de motif.<\/p>\n<p class=\"font_8 wixui-rich-text__text\">6.2. Les frais de retour sont \u00e0 la charge de l&rsquo;Acheteur.<\/p>\n<p class=\"font_8 wixui-rich-text__text\">\n<\/div>\n<\/div>\n<\/div>\n<\/div>\n<div id=\"comp-lnbf28mq\" class=\"comp-lnbf28mq SPY_vo\">\n<div data-mesh-id=\"comp-lnbf28mqinlineContent\" data-testid=\"inline-content\" class=\"\">\n<div data-mesh-id=\"comp-lnbf28mqinlineContent-gridContainer\" data-testid=\"mesh-container-content\">\n<div id=\"comp-lnbf28nq\" class=\"HcOXKn c9GqVL QxJLC3 comp-lnbf28nq wixui-rich-text\" data-testid=\"richTextElement\">\n<h2 class=\"font_2 wixui-rich-text__text\"><span class=\"wixui-rich-text__text\">7. Garantie<\/span><\/h2>\n<\/div>\n<div id=\"comp-lnbf28ns\" class=\"HcOXKn c9GqVL QxJLC3 comp-lnbf28ns wixui-rich-text\" data-testid=\"richTextElement\">\n<p class=\"font_8 wixui-rich-text__text\">7.1. Les objets vendus sont garantis contre les vices cach\u00e9s conform\u00e9ment \u00e0 la l\u00e9gislation en vigueur.<\/p>\n<p class=\"font_8 wixui-rich-text__text\">7.2. La garantie ne couvre pas les dommages r\u00e9sultant d&rsquo;une utilisation inappropri\u00e9e ou d&rsquo;une n\u00e9gligence de l&rsquo;Acheteur.<\/p>\n<p class=\"font_8 wixui-rich-text__text\">\n<\/div>\n<\/div>\n<\/div>\n<\/div>\n<div id=\"comp-lnbf2uwr\" class=\"comp-lnbf2uwr SPY_vo\">\n<div data-mesh-id=\"comp-lnbf2uwrinlineContent\" data-testid=\"inline-content\" class=\"\">\n<div data-mesh-id=\"comp-lnbf2uwrinlineContent-gridContainer\" data-testid=\"mesh-container-content\">\n<div id=\"comp-lnbf2uxt1\" class=\"HcOXKn c9GqVL QxJLC3 comp-lnbf2uxt1 wixui-rich-text\" data-testid=\"richTextElement\">\n<h2 class=\"font_2 wixui-rich-text__text\"><span class=\"wixui-rich-text__text\">8. Propri\u00e9t\u00e9 Intellectuelle<\/span><\/h2>\n<\/div>\n<div id=\"comp-lnbf2uxv2\" class=\"HcOXKn c9GqVL QxJLC3 comp-lnbf2uxv2 wixui-rich-text\" data-testid=\"richTextElement\">\n<p class=\"font_8 wixui-rich-text__text\">8.1. Les objets artistiques vendus restent la propri\u00e9t\u00e9 intellectuelle du Vendeur.<\/p>\n<p class=\"font_8 wixui-rich-text__text\">8.2. L&rsquo;Acheteur s&rsquo;engage \u00e0 ne pas copier, reproduire ou distribuer les objets artistiques sans autorisation pr\u00e9alable du Vendeur.<\/p>\n<p class=\"font_8 wixui-rich-text__text\">\n<\/div>\n<\/div>\n<\/div>\n<\/div>\n<div id=\"comp-lnbf3plz\" class=\"comp-lnbf3plz SPY_vo\">\n<div data-mesh-id=\"comp-lnbf3plzinlineContent\" data-testid=\"inline-content\" class=\"\">\n<div data-mesh-id=\"comp-lnbf3plzinlineContent-gridContainer\" data-testid=\"mesh-container-content\">\n<div id=\"comp-lnbf3po01\" class=\"HcOXKn c9GqVL QxJLC3 comp-lnbf3po01 wixui-rich-text\" data-testid=\"richTextElement\">\n<h2 class=\"font_2 wixui-rich-text__text\"><span class=\"wixui-rich-text__text\">9. Donn\u00e9es Personnelles<\/span><\/h2>\n<\/div>\n<div id=\"comp-lnbf3po22\" class=\"HcOXKn c9GqVL QxJLC3 comp-lnbf3po22 wixui-rich-text\" data-testid=\"richTextElement\">\n<p class=\"font_8 wixui-rich-text__text\">9.1. Le Vendeur collecte et traite les donn\u00e9es personnelles de l&rsquo;Acheteur conform\u00e9ment \u00e0 sa politique de confidentialit\u00e9, disponible sur son site internet.<\/p>\n<p class=\"font_8 wixui-rich-text__text\">\n<\/div>\n<\/div>\n<\/div>\n<\/div>\n<div id=\"comp-lnbf4hvk\" class=\"comp-lnbf4hvk SPY_vo\">\n<div data-mesh-id=\"comp-lnbf4hvkinlineContent\" data-testid=\"inline-content\" class=\"\">\n<div data-mesh-id=\"comp-lnbf4hvkinlineContent-gridContainer\" data-testid=\"mesh-container-content\">\n<div id=\"comp-lnbf4hwo1\" class=\"HcOXKn c9GqVL QxJLC3 comp-lnbf4hwo1 wixui-rich-text\" data-testid=\"richTextElement\">\n<h2 class=\"font_2 wixui-rich-text__text\"><span class=\"wixui-rich-text__text\">10. Litiges<\/span><\/h2>\n<\/div>\n<div id=\"comp-lnbf4hwr\" class=\"HcOXKn c9GqVL QxJLC3 comp-lnbf4hwr wixui-rich-text\" data-testid=\"richTextElement\">\n<p class=\"font_8 wixui-rich-text__text\">10.1. En cas de litige, les parties s&rsquo;efforceront de trouver une solution amiable.<\/p>\n<p class=\"font_8 wixui-rich-text__text\">10.2. \u00c0 d\u00e9faut d&rsquo;accord amiable, tout litige sera soumis \u00e0 la comp\u00e9tence des tribunaux comp\u00e9tents.<\/p>\n<p class=\"font_8 wixui-rich-text__text\">\n<\/div>\n<\/div>\n<\/div>\n<\/div>\n<div id=\"comp-lnbf5105\" class=\"comp-lnbf5105 SPY_vo\">\n<div data-mesh-id=\"comp-lnbf5105inlineContent\" data-testid=\"inline-content\" class=\"\">\n<div data-mesh-id=\"comp-lnbf5105inlineContent-gridContainer\" data-testid=\"mesh-container-content\">\n<div id=\"comp-lnbf511y\" class=\"HcOXKn c9GqVL QxJLC3 comp-lnbf511y wixui-rich-text\" data-testid=\"richTextElement\">\n<h2 class=\"font_2 wixui-rich-text__text\"><span class=\"wixui-rich-text__text\">11. Modification des Conditions G\u00e9n\u00e9rales<\/span><\/h2>\n<\/div>\n<div id=\"comp-lnbf51221\" class=\"HcOXKn c9GqVL QxJLC3 comp-lnbf51221 wixui-rich-text\" data-testid=\"richTextElement\">\n<p class=\"font_8 wixui-rich-text__text\">11.1. Le Vendeur se r\u00e9serve le droit de modifier ces conditions g\u00e9n\u00e9rales \u00e0 tout moment. Les conditions en vigueur au moment de la commande seront applicables.<\/p>\n<p class=\"font_8 wixui-rich-text__text\">En acceptant ces conditions g\u00e9n\u00e9rales, l&rsquo;acheteur reconna\u00eet en avoir pris connaissance et les accepter sans r\u00e9serve.<\/p>\n<\/div>\n<\/div>\n<\/div>\n<\/div>\n<\/div>\n<\/div>[\/et_pb_text][\/et_pb_column][\/et_pb_row][\/et_pb_section]","protected":false},"excerpt":{"rendered":"<p>Conditions g\u00e9n\u00e9rales de vente 1. Objet Les pr\u00e9sentes conditions g\u00e9n\u00e9rales de vente r\u00e9gissent les relations contractuelles entre Ouestled, ci-apr\u00e8s d\u00e9nomm\u00e9 le \u00ab\u00a0Vendeur\u00a0\u00bb, et le client, ci-apr\u00e8s d\u00e9nomm\u00e9 l'\u00a0\u00bbAcheteur\u00a0\u00bb, pour l&rsquo;achat d&rsquo;objets artistiques et de d\u00e9coration. 2. Commande 2.1. Les commandes peuvent \u00eatre pass\u00e9es en ligne sur notre site internet. 2.2. L&rsquo;Acheteur est responsable de fournir [&hellip;]<\/p>","protected":false},"author":1,"featured_media":0,"parent":0,"menu_order":0,"comment_status":"closed","ping_status":"closed","template":"","meta":{"_et_pb_use_builder":"on","_et_pb_old_content":"<!-- wp:paragraph -->\n<p><b>This is a sample page.<\/b><\/p>\n<!-- \/wp:paragraph -->\n\n<!-- wp:heading -->\n<h2 class=\"wp-block-heading\">Overview<\/h2>\n<!-- \/wp:heading -->\n\n<!-- wp:paragraph -->\n<p>Our refund and returns policy lasts 30 days. If 30 days have passed since your purchase, we can\u2019t offer you a full refund or exchange.<\/p>\n<!-- \/wp:paragraph -->\n\n<!-- wp:paragraph -->\n<p>To be eligible for a return, your item must be unused and in the same condition that you received it. It must also be in the original packaging.<\/p>\n<!-- \/wp:paragraph -->\n\n<!-- wp:paragraph -->\n<p>Several types of goods are exempt from being returned. Perishable goods such as food, flowers, newspapers or magazines cannot be returned. We also do not accept products that are intimate or sanitary goods, hazardous materials, or flammable liquids or gases.<\/p>\n<!-- \/wp:paragraph -->\n\n<!-- wp:paragraph -->\n<p>Additional non-returnable items:<\/p>\n<!-- \/wp:paragraph -->\n\n<!-- wp:list -->\n<ul>\n<li>Gift cards<\/li>\n<li>Downloadable software products<\/li>\n<li>Some health and personal care items<\/li>\n<\/ul>\n<!-- \/wp:list -->\n\n<!-- wp:paragraph -->\n<p>To complete your return, we require a receipt or proof of purchase.<\/p>\n<!-- \/wp:paragraph -->\n\n<!-- wp:paragraph -->\n<p>Please do not send your purchase back to the manufacturer.<\/p>\n<!-- \/wp:paragraph -->\n\n<!-- wp:paragraph -->\n<p>There are certain situations where only partial refunds are granted:<\/p>\n<!-- \/wp:paragraph -->\n\n<!-- wp:list -->\n<ul>\n<li>Book with obvious signs of use<\/li>\n<li>CD, DVD, VHS tape, software, video game, cassette tape, or vinyl record that has been opened.<\/li>\n<li>Any item not in its original condition, is damaged or missing parts for reasons not due to our error.<\/li>\n<li>Any item that is returned more than 30 days after delivery<\/li>\n<\/ul>\n<!-- \/wp:list -->\n\n<!-- wp:paragraph -->\n<h2>Refunds<\/h2>\n<!-- \/wp:paragraph -->\n\n<!-- wp:paragraph -->\n<p>Once your return is received and inspected, we will send you an email to notify you that we have received your returned item. We will also notify you of the approval or rejection of your refund.<\/p>\n<!-- \/wp:paragraph -->\n\n<!-- wp:paragraph -->\n<p>If you are approved, then your refund will be processed, and a credit will automatically be applied to your credit card or original method of payment, within a certain amount of days.<\/p>\n<!-- \/wp:paragraph -->\n\n<!-- wp:heading -->\n<h3 class=\"wp-block-heading\">Late or missing refunds<\/h3>\n<!-- \/wp:heading -->\n\n<!-- wp:paragraph -->\n<p>If you haven\u2019t received a refund yet, first check your bank account again.<\/p>\n<!-- \/wp:paragraph -->\n\n<!-- wp:paragraph -->\n<p>Then contact your credit card company, it may take some time before your refund is officially posted.<\/p>\n<!-- \/wp:paragraph -->\n\n<!-- wp:paragraph -->\n<p>Next contact your bank. There is often some processing time before a refund is posted.<\/p>\n<!-- \/wp:paragraph -->\n\n<!-- wp:paragraph -->\n<p>If you\u2019ve done all of this and you still have not received your refund yet, please contact us at {email address}.<\/p>\n<!-- \/wp:paragraph -->\n\n<!-- wp:heading -->\n<h3 class=\"wp-block-heading\">Sale items<\/h3>\n<!-- \/wp:heading -->\n\n<!-- wp:paragraph -->\n<p>Only regular priced items may be refunded. Sale items cannot be refunded.<\/p>\n<!-- \/wp:paragraph -->\n\n<!-- wp:paragraph -->\n<h2>Exchanges<\/h2>\n<!-- \/wp:paragraph -->\n\n<!-- wp:paragraph -->\n<p>We only replace items if they are defective or damaged. If you need to exchange it for the same item, send us an email at {email address} and send your item to: {physical address}.<\/p>\n<!-- \/wp:paragraph -->\n\n<!-- wp:paragraph -->\n<h2>Gifts<\/h2>\n<!-- \/wp:paragraph -->\n\n<!-- wp:paragraph -->\n<p>If the item was marked as a gift when purchased and shipped directly to you, you\u2019ll receive a gift credit for the value of your return. Once the returned item is received, a gift certificate will be mailed to you.<\/p>\n<!-- \/wp:paragraph -->\n\n<!-- wp:paragraph -->\n<p>If the item wasn\u2019t marked as a gift when purchased, or the gift giver had the order shipped to themselves to give to you later, we will send a refund to the gift giver and they will find out about your return.<\/p>\n<!-- \/wp:paragraph -->\n\n<!-- wp:paragraph -->\n<h2>Shipping returns<\/h2>\n<!-- \/wp:paragraph -->\n\n<!-- wp:paragraph -->\n<p>To return your product, you should mail your product to: {physical address}.<\/p>\n<!-- \/wp:paragraph -->\n\n<!-- wp:paragraph -->\n<p>You will be responsible for paying for your own shipping costs for returning your item. Shipping costs are non-refundable. If you receive a refund, the cost of return shipping will be deducted from your refund.<\/p>\n<!-- \/wp:paragraph -->\n\n<!-- wp:paragraph -->\n<p>Depending on where you live, the time it may take for your exchanged product to reach you may vary.<\/p>\n<!-- \/wp:paragraph -->\n\n<!-- wp:paragraph -->\n<p>If you are returning more expensive items, you may consider using a trackable shipping service or purchasing shipping insurance. We don\u2019t guarantee that we will receive your returned item.<\/p>\n<!-- \/wp:paragraph -->\n\n<!-- wp:paragraph -->\n<h2>Need help?<\/h2>\n<!-- \/wp:paragraph -->\n\n<!-- wp:paragraph -->\n<p>Contact us at {email} for questions related to refunds and returns.<\/p>\n<!-- \/wp:paragraph -->","_et_gb_content_width":"1080","advanced_seo_description":"","jetpack_seo_html_title":"","jetpack_seo_noindex":false,"footnotes":""},"class_list":["post-190","page","type-page","status-publish","hentry"],"jetpack_sharing_enabled":true,"_links":{"self":[{"href":"https:\/\/maddam.art\/en\/wp-json\/wp\/v2\/pages\/190","targetHints":{"allow":["GET"]}}],"collection":[{"href":"https:\/\/maddam.art\/en\/wp-json\/wp\/v2\/pages"}],"about":[{"href":"https:\/\/maddam.art\/en\/wp-json\/wp\/v2\/types\/page"}],"author":[{"embeddable":true,"href":"https:\/\/maddam.art\/en\/wp-json\/wp\/v2\/users\/1"}],"replies":[{"embeddable":true,"href":"https:\/\/maddam.art\/en\/wp-json\/wp\/v2\/comments?post=190"}],"version-history":[{"count":4,"href":"https:\/\/maddam.art\/en\/wp-json\/wp\/v2\/pages\/190\/revisions"}],"predecessor-version":[{"id":315,"href":"https:\/\/maddam.art\/en\/wp-json\/wp\/v2\/pages\/190\/revisions\/315"}],"wp:attachment":[{"href":"https:\/\/maddam.art\/en\/wp-json\/wp\/v2\/media?parent=190"}],"curies":[{"name":"wp","href":"https:\/\/api.w.org\/{rel}","templated":true}]}}